{"id":260,"date":"2018-10-30T18:20:12","date_gmt":"2018-10-30T18:20:12","guid":{"rendered":"https:\/\/the7.io\/g-business\/?page_id=260"},"modified":"2020-10-22T09:41:38","modified_gmt":"2020-10-22T07:41:38","slug":"contacto","status":"publish","type":"page","link":"https:\/\/ajafconsulting.com\/en_us\/contacto\/","title":{"rendered":"Contact"},"content":{"rendered":"<div class=\"wpb-content-wrapper\"><div class=\"vc_row wpb_row vc_row-fluid vc_custom_1560850714045 vc_row-o-equal-height vc_row-o-content-middle vc_row-flex\"><div class=\"wpb_column vc_column_container vc_col-sm-6\"><div class=\"vc_column-inner\"><div class=\"wpb_wrapper\"><div id=\"ultimate-heading-675169e1bb6470c92\" class=\"uvc-heading ult-adjust-bottom-margin ultimate-heading-675169e1bb6470c92 uvc-7711 accent-title-color color-title\" data-hspacer=\"no_spacer\"  data-halign=\"center\" style=\"text-align:center\"><div class=\"uvc-heading-spacer no_spacer\" style=\"top\"><\/div><div class=\"uvc-main-heading ult-responsive\"  data-ultimate-target='.uvc-heading.ultimate-heading-675169e1bb6470c92 h2'  data-responsive-json-new='{\"font-size\":\"desktop:16px;\",\"line-height\":\"desktop:28px;\"}' ><h2 style=\"--font-weight:theme;\">Telephone<\/h2><\/div><div class=\"uvc-sub-heading ult-responsive\"  data-ultimate-target='.uvc-heading.ultimate-heading-675169e1bb6470c92 .uvc-sub-heading '  data-responsive-json-new='{\"font-size\":\"desktop:18px;\",\"line-height\":\"desktop:28px;\"}'  style=\"font-weight:bold;\"><\/p>\n<div class=\"wpb_text_column wpb_content_element\">\n<div class=\"wpb_wrapper\">\n<p>(+34) 91 361 25 70<\/p>\n<\/div>\n<\/div>\n<p><\/div><\/div><div id=\"ultimate-heading-169e1bb6470cf0\" class=\"uvc-heading ult-adjust-bottom-margin ultimate-heading-169e1bb6470cf0 uvc-8183 accent-title-color color-title\" data-hspacer=\"no_spacer\"  data-halign=\"center\" style=\"text-align:center\"><div class=\"uvc-heading-spacer no_spacer\" style=\"top\"><\/div><div class=\"uvc-main-heading ult-responsive\"  data-ultimate-target='.uvc-heading.ultimate-heading-169e1bb6470cf0 h2'  data-responsive-json-new='{\"font-size\":\"desktop:16px;\",\"line-height\":\"desktop:28px;\"}' ><h2 style=\"--font-weight:theme;\">Email<\/h2><\/div><div class=\"uvc-sub-heading ult-responsive\"  data-ultimate-target='.uvc-heading.ultimate-heading-169e1bb6470cf0 .uvc-sub-heading '  data-responsive-json-new='{\"font-size\":\"desktop:18px;\",\"line-height\":\"desktop:28px;\"}'  style=\"font-weight:bold;margin-bottom:20px;\">info@ajafconsulting.com<\/div><\/div><div id=\"ultimate-heading-675169e1bb6470d2a\" class=\"uvc-heading ult-adjust-bottom-margin ultimate-heading-675169e1bb6470d2a uvc-2663 accent-title-color color-title\" data-hspacer=\"no_spacer\"  data-halign=\"center\" style=\"text-align:center\"><div class=\"uvc-heading-spacer no_spacer\" style=\"top\"><\/div><div class=\"uvc-main-heading ult-responsive\"  data-ultimate-target='.uvc-heading.ultimate-heading-675169e1bb6470d2a h2'  data-responsive-json-new='{\"font-size\":\"desktop:16px;\",\"line-height\":\"desktop:28px;\"}' ><h2 style=\"--font-weight:theme;\">Address<\/h2><\/div><div class=\"uvc-sub-heading ult-responsive\"  data-ultimate-target='.uvc-heading.ultimate-heading-675169e1bb6470d2a .uvc-sub-heading '  data-responsive-json-new='{\"font-size\":\"desktop:18px;\",\"line-height\":\"desktop:28px;\"}'  style=\"font-weight:bold;margin-bottom:20px;\">L\u00f3pez de Hoyos 42, 28006, Madrid (Spain)<\/div><\/div><div id=\"ultimate-heading-689369e1bb6470d60\" class=\"uvc-heading ult-adjust-bottom-margin ultimate-heading-689369e1bb6470d60 uvc-1468 accent-title-color color-title\" data-hspacer=\"no_spacer\"  data-halign=\"center\" style=\"text-align:center\"><div class=\"uvc-heading-spacer no_spacer\" style=\"top\"><\/div><div class=\"uvc-main-heading ult-responsive\"  data-ultimate-target='.uvc-heading.ultimate-heading-689369e1bb6470d60 h2'  data-responsive-json-new='{\"font-size\":\"desktop:16px;\",\"line-height\":\"desktop:28px;\"}' ><h2 style=\"--font-weight:theme;\">Office hours<\/h2><\/div><div class=\"uvc-sub-heading ult-responsive\"  data-ultimate-target='.uvc-heading.ultimate-heading-689369e1bb6470d60 .uvc-sub-heading '  data-responsive-json-new='{\"font-size\":\"desktop:18px;\",\"line-height\":\"desktop:28px;\"}'  style=\"font-weight:bold;margin-bottom:20px;\">Monday - Thursday: 9:00 - 18:00<br \/>\nFriday: 09:00 - 15:00<\/div><\/div><div id=\"ultimate-heading-177269e1bb6470d90\" class=\"uvc-heading ult-adjust-bottom-margin ultimate-heading-177269e1bb6470d90 uvc-1210 accent-title-color color-title\" data-hspacer=\"no_spacer\"  data-halign=\"center\" style=\"text-align:center\"><div class=\"uvc-heading-spacer no_spacer\" style=\"top\"><\/div><div class=\"uvc-main-heading ult-responsive\"  data-ultimate-target='.uvc-heading.ultimate-heading-177269e1bb6470d90 h2'  data-responsive-json-new='{\"font-size\":\"desktop:16px;\",\"line-height\":\"desktop:28px;\"}' ><h2 style=\"--font-weight:theme;margin-bottom:10px;\">Social networks<\/h2><\/div><\/div><style type=\"text\/css\" data-type=\"the7_shortcodes-inline-css\">.dt-shortcode-soc-icons.soc-icons-3d2c8c957fe2ad9e6afcda27b358516e a {\n  margin-right: 10px;\n}\n.dt-shortcode-soc-icons a.soc-icons-3d2c8c957fe2ad9e6afcda27b358516e {\n  margin-right: 10px;\n}\n.dt-shortcode-soc-icons a.soc-icons-3d2c8c957fe2ad9e6afcda27b358516e:last-child {\n  margin-right: 0;\n}\n.dt-shortcode-soc-icons a.soc-icons-3d2c8c957fe2ad9e6afcda27b358516e:before,\n.dt-shortcode-soc-icons a.soc-icons-3d2c8c957fe2ad9e6afcda27b358516e:after {\n  padding: inherit;\n}\n.dt-shortcode-soc-icons a.soc-icons-3d2c8c957fe2ad9e6afcda27b358516e.dt-icon-border-on:before {\n  border:  solid ;\n}\n.dt-shortcode-soc-icons a.soc-icons-3d2c8c957fe2ad9e6afcda27b358516e.dt-icon-hover-border-on:after {\n  border:  solid ;\n}\n<\/style><div class=\"dt-shortcode-soc-icons  soc-icons-3d2c8c957fe2ad9e6afcda27b358516e soc-icons-center  vc_custom_1560850719006\" ><style type=\"text\/css\" data-type=\"the7_shortcodes-inline-css\">.dt-shortcode-soc-icons a.single-soc-icon-f92409bafd86b8e47143bd14aafaa2a5 {\n  min-width: 50px;\n  min-height: 50px;\n  font-size: 24px;\n  border-radius: 100px;\n}\n.dt-shortcode-soc-icons a.single-soc-icon-f92409bafd86b8e47143bd14aafaa2a5:last-child {\n  margin-right: 0;\n}\n.dt-shortcode-soc-icons a.single-soc-icon-f92409bafd86b8e47143bd14aafaa2a5:before,\n.dt-shortcode-soc-icons a.single-soc-icon-f92409bafd86b8e47143bd14aafaa2a5:after {\n  min-width: 50px;\n  min-height: 50px;\n  padding: inherit;\n}\n.dt-shortcode-soc-icons a.single-soc-icon-f92409bafd86b8e47143bd14aafaa2a5.dt-icon-border-on:before {\n  border: 0px solid ;\n}\n.dt-shortcode-soc-icons a.single-soc-icon-f92409bafd86b8e47143bd14aafaa2a5.dt-icon-hover-border-on:after {\n  border: 0px solid ;\n}\n.dt-shortcode-soc-icons a.single-soc-icon-f92409bafd86b8e47143bd14aafaa2a5:hover {\n  font-size: 24px;\n}\n#page .dt-shortcode-soc-icons a.single-soc-icon-f92409bafd86b8e47143bd14aafaa2a5:hover .soc-font-icon,\n#phantom .dt-shortcode-soc-icons a.single-soc-icon-f92409bafd86b8e47143bd14aafaa2a5:hover .soc-font-icon,\n#page .dt-shortcode-soc-icons a.single-soc-icon-f92409bafd86b8e47143bd14aafaa2a5:hover .soc-icon,\n#phantom .dt-shortcode-soc-icons a.single-soc-icon-f92409bafd86b8e47143bd14aafaa2a5:hover .soc-icon {\n  color: rgba(255,255,255,0.75);\n  background: none;\n}\n#page .dt-shortcode-soc-icons a.single-soc-icon-f92409bafd86b8e47143bd14aafaa2a5:not(:hover) .soc-font-icon,\n#phantom .dt-shortcode-soc-icons a.single-soc-icon-f92409bafd86b8e47143bd14aafaa2a5:not(:hover) .soc-font-icon,\n#page .dt-shortcode-soc-icons a.single-soc-icon-f92409bafd86b8e47143bd14aafaa2a5:not(:hover) .soc-icon,\n#phantom .dt-shortcode-soc-icons a.single-soc-icon-f92409bafd86b8e47143bd14aafaa2a5:not(:hover) .soc-icon {\n  color: #ffffff;\n  background: none;\n}\n.dt-shortcode-soc-icons a.single-soc-icon-f92409bafd86b8e47143bd14aafaa2a5 .soc-font-icon,\n.dt-shortcode-soc-icons a.single-soc-icon-f92409bafd86b8e47143bd14aafaa2a5 .soc-icon {\n  font-size: 24px;\n}\n<\/style><a title=\"Linkedin\" href=\"https:\/\/www.linkedin.com\/company\/ajaf-gestion-y-recursos-empresariales-sl\/about\/\" class=\"linkedin single-soc-icon-f92409bafd86b8e47143bd14aafaa2a5 dt-icon-bg-on dt-icon-border-on dt-icon-hover-border-on dt-icon-hover-bg-on\" ><i class=\"soc-icon soc-font-icon dt-icon-linkedin\"><\/i><span class=\"screen-reader-text\">Linkedin<\/span><\/a><\/div><\/div><\/div><\/div><div class=\"wpb_column vc_column_container vc_col-sm-6\"><div class=\"vc_column-inner vc_custom_1560851109721\"><div class=\"wpb_wrapper\">\n<div class=\"wpcf7 no-js\" id=\"wpcf7-f2104-o1\" lang=\"es-ES\" dir=\"ltr\">\n<div class=\"screen-reader-response\"><p role=\"status\" aria-live=\"polite\" aria-atomic=\"true\"><\/p> <ul><\/ul><\/div>\n<form action=\"\/en_us\/wp-json\/wp\/v2\/pages\/260#wpcf7-f2104-o1\" method=\"post\" class=\"wpcf7-form init\" aria-label=\"Formulario de contacto\" novalidate=\"novalidate\" data-status=\"init\" data-trp-original-action=\"\/en_us\/wp-json\/wp\/v2\/pages\/260#wpcf7-f2104-o1\">\n<div style=\"display: none;\">\n<input type=\"hidden\" name=\"_wpcf7\" value=\"2104\" \/>\n<input type=\"hidden\" name=\"_wpcf7_version\" value=\"5.8.5\" \/>\n<input type=\"hidden\" name=\"_wpcf7_locale\" value=\"es_ES\" \/>\n<input type=\"hidden\" name=\"_wpcf7_unit_tag\" value=\"wpcf7-f2104-o1\" \/>\n<input type=\"hidden\" name=\"_wpcf7_container_post\" value=\"0\" \/>\n<input type=\"hidden\" name=\"_wpcf7_posted_data_hash\" value=\"\" \/>\n<input type=\"hidden\" name=\"_wpcf7_recaptcha_response\" value=\"\" \/>\n<\/div>\n<p><label> <span class=\"wpcf7-form-control-wrap\" data-name=\"your-name\"><input size=\"40\" class=\"wpcf7-form-control wpcf7-text wpcf7-validates-as-required\" aria-required=\"true\" aria-invalid=\"false\" placeholder=\"Name *\" value=\"\" type=\"text\" name=\"your-name\" \/><\/span> <\/label><br \/>\n<label> <span class=\"wpcf7-form-control-wrap\" data-name=\"your-email\"><input size=\"40\" class=\"wpcf7-form-control wpcf7-email wpcf7-validates-as-required wpcf7-text wpcf7-validates-as-email\" aria-required=\"true\" aria-invalid=\"false\" placeholder=\"Email *\" value=\"\" type=\"email\" name=\"your-email\" \/><\/span> <\/label><br \/>\n<label> <span class=\"wpcf7-form-control-wrap\" data-name=\"your-telephone\"><input size=\"40\" class=\"wpcf7-form-control wpcf7-text\" aria-invalid=\"false\" placeholder=\"Telephone\" value=\"\" type=\"text\" name=\"your-telephone\" \/><\/span> <\/label><br \/>\n<label> <span class=\"wpcf7-form-control-wrap\" data-name=\"your-message\"><textarea cols=\"40\" rows=\"10\" class=\"wpcf7-form-control wpcf7-textarea\" aria-invalid=\"false\" placeholder=\"Message *\" name=\"your-message\"><\/textarea><\/span> <\/label>\n<\/p>\n<p><span class=\"wpcf7-form-control-wrap\" data-name=\"accept-this-1\"><span class=\"wpcf7-form-control wpcf7-acceptance\"><span class=\"wpcf7-list-item\"><label><input type=\"checkbox\" name=\"accept-this-1\" value=\"1\" aria-invalid=\"false\" \/><span class=\"wpcf7-list-item-label\">I have read and accept the <a href=\"http:\/\/ajafweb.azurewebsites.net\/politica-privacidad\/\" target=\"_blank\" >Privacy Policy<\/a><\/span><\/label><\/span><\/span><\/span>\n<\/p>\n<p><input class=\"wpcf7-form-control wpcf7-submit has-spinner\" type=\"submit\" value=\"Send\" \/>\n<\/p><div class=\"wpcf7-response-output\" aria-hidden=\"true\"><\/div>\n<input type=\"hidden\" name=\"trp-form-language\" value=\"en_us\"\/><\/form>\n<\/div>\n<\/div><\/div><\/div><\/div><div class=\"vc_row wpb_row vc_row-fluid vc_custom_1603352309030\"><div class=\"wpb_column vc_column_container vc_col-sm-12\"><div class=\"vc_column-inner\"><div class=\"wpb_wrapper\"><div class=\"wpb_gmaps_widget wpb_content_element\"><div class=\"wpb_wrapper\"><div class=\"wpb_map_wraper\"><iframe loading=\"lazy\" src=\"https:\/\/www.google.com\/maps\/embed?pb=!1m18!1m12!1m3!1d3036.5961585165724!2d-3.683177449764851!3d40.439940379261145!2m3!1f0!2f0!3f0!3m2!1i1024!2i768!4f13.1!3m3!1m2!1s0xd422957ccff4487%3A0xd62464cbdf9b98fc!2sAjaf%20Consulting!5e0!3m2!1ses!2ses!4v1603293608327!5m2!1ses!2ses\" width=\"600\" height=\"450\" frameborder=\"0\" style=\"border:0\" allowfullscreen><\/iframe><\/div><\/div><\/div><\/div><\/div><\/div><\/div>\n<\/div>","protected":false},"excerpt":{"rendered":"<p>Tel\u00e9fono (+34) 91 361 25 70 Correo electr\u00f3nicoinfo@ajafconsulting.comDirecci\u00f3nL\u00f3pez de Hoyos 42, 28006, Madrid (Espa\u00f1a)Horario de OficinaLunes &#8211; Jueves: 9:00 &#8211; 18:00 Viernes: 9:00 &#8211; 15:00Redes sociales He le\u00eddo y acepto la Pol\u00edtica de Privacidad<\/p>","protected":false},"author":1,"featured_media":0,"parent":0,"menu_order":70,"comment_status":"closed","ping_status":"closed","template":"","meta":{"footnotes":""},"_links":{"self":[{"href":"https:\/\/ajafconsulting.com\/en_us\/wp-json\/wp\/v2\/pages\/260"}],"collection":[{"href":"https:\/\/ajafconsulting.com\/en_us\/wp-json\/wp\/v2\/pages"}],"about":[{"href":"https:\/\/ajafconsulting.com\/en_us\/wp-json\/wp\/v2\/types\/page"}],"author":[{"embeddable":true,"href":"https:\/\/ajafconsulting.com\/en_us\/wp-json\/wp\/v2\/users\/1"}],"replies":[{"embeddable":true,"href":"https:\/\/ajafconsulting.com\/en_us\/wp-json\/wp\/v2\/comments?post=260"}],"version-history":[{"count":11,"href":"https:\/\/ajafconsulting.com\/en_us\/wp-json\/wp\/v2\/pages\/260\/revisions"}],"predecessor-version":[{"id":2401,"href":"https:\/\/ajafconsulting.com\/en_us\/wp-json\/wp\/v2\/pages\/260\/revisions\/2401"}],"wp:attachment":[{"href":"https:\/\/ajafconsulting.com\/en_us\/wp-json\/wp\/v2\/media?parent=260"}],"curies":[{"name":"wp","href":"https:\/\/api.w.org\/{rel}","templated":true}]}}