{"id":247,"date":"2018-10-30T18:16:26","date_gmt":"2018-10-30T18:16:26","guid":{"rendered":"https:\/\/the7.io\/g-business\/?page_id=247"},"modified":"2023-12-04T11:35:34","modified_gmt":"2023-12-04T10:35:34","slug":"nosotros","status":"publish","type":"page","link":"https:\/\/ajafconsulting.com\/en_us\/nosotros\/","title":{"rendered":"We"},"content":{"rendered":"<div class=\"wpb-content-wrapper\"><div class=\"vc_row wpb_row vc_row-fluid vc_custom_1560793098479\"><div class=\"wpb_column vc_column_container vc_col-sm-12\"><div class=\"vc_column-inner\"><div class=\"wpb_wrapper\"><div id=\"ultimate-heading-852269d5dbed7c765\" class=\"uvc-heading ult-adjust-bottom-margin ultimate-heading-852269d5dbed7c765 uvc-2011  uvc-heading-default-font-sizes\" data-hspacer=\"no_spacer\"  data-halign=\"center\" style=\"text-align:center\"><div class=\"uvc-heading-spacer no_spacer\" style=\"top\"><\/div><div class=\"uvc-main-heading ult-responsive\"  data-ultimate-target='.uvc-heading.ultimate-heading-852269d5dbed7c765 h2'  data-responsive-json-new='{\"font-size\":\"\",\"line-height\":\"\"}' ><h2 style=\"font-weight:bold;margin-bottom:10px;\">Consulting and Implementation of IT and SAP Projects<\/h2><\/div><div class=\"uvc-sub-heading ult-responsive\"  data-ultimate-target='.uvc-heading.ultimate-heading-852269d5dbed7c765 .uvc-sub-heading '  data-responsive-json-new='{\"font-size\":\"desktop:24px;\",\"line-height\":\"desktop:34px;\"}'  style=\"font-weight:bold;color:#009a99;\">AJAF leads the segment of ICT experts<\/div><\/div>\n\t<div class=\"wpb_text_column wpb_content_element  vc_custom_1602604004560\" >\n\t\t<div class=\"wpb_wrapper\">\n\t\t\t<p>More than 3,500 specialists collaborate with us in different areas of information technology, with many years of experience in the sector, as well as in the field of SAP training and other technologies for companies. At this time of constant technological evolution, AJAF is a sure value.<\/p>\n\n\t\t<\/div>\n\t<\/div>\n<\/div><\/div><\/div><\/div><div class=\"vc_row wpb_row vc_row-fluid vc_custom_1560793209164\"><div class=\"wpb_column vc_column_container vc_col-sm-12 vc_col-lg-offset-2 vc_col-lg-8\"><div class=\"vc_column-inner vc_custom_1560418610056\"><div class=\"wpb_wrapper\"><div id=\"ultimate-heading-492269d5dbed7ef00\" class=\"uvc-heading ult-adjust-bottom-margin ultimate-heading-492269d5dbed7ef00 uvc-550 accent-subtitle-color uvc-heading-default-font-sizes\" data-hspacer=\"no_spacer\"  data-halign=\"center\" style=\"text-align:center\"><div class=\"uvc-heading-spacer no_spacer\" style=\"top\"><\/div><div class=\"uvc-main-heading ult-responsive\"  data-ultimate-target='.uvc-heading.ultimate-heading-492269d5dbed7ef00 h3'  data-responsive-json-new='{\"font-size\":\"\",\"line-height\":\"\"}' ><h3 style=\"font-weight:bold;color:#ffffff;margin-bottom:15px;\">Tell us your idea, we will transform it.<\/h3><\/div><div class=\"uvc-sub-heading ult-responsive\"  data-ultimate-target='.uvc-heading.ultimate-heading-492269d5dbed7ef00 .uvc-sub-heading '  data-responsive-json-new='{\"font-size\":\"desktop:24px;\",\"line-height\":\"desktop:34px;\"}'  style=\"font-weight:bold;color:#262d37;\">- AJAF Consulting -<\/div><\/div><\/div><\/div><\/div><\/div><!-- Row Backgrounds --><div class=\"upb_bg_img\" data-ultimate-bg=\"url(\/wp-content\/uploads\/2018\/12\/t-img058.jpg)\" data-image-id=\"id^1354|url^\/wp-content\/uploads\/2018\/12\/t-img058.jpg|caption^null|alt^null|title^t-img058|description^null\" data-ultimate-bg-style=\"vcpb-vz-jquery\" data-bg-img-repeat=\"repeat\" data-bg-img-size=\"cover\" data-bg-img-position=\"\" data-parallx_sense=\"30\" data-bg-override=\"ex-full\" data-bg_img_attach=\"scroll\" data-upb-overlay-color=\"rgba(38,45,55,0.5)\" data-upb-bg-animation=\"\" data-fadeout=\"fadeout_row_value\" data-bg-animation=\"left-animation\" data-bg-animation-type=\"h\" data-animation-repeat=\"repeat\" data-fadeout-percentage=\"30\" data-parallax-content=\"\" data-parallax-content-sense=\"30\" data-row-effect-mobile-disable=\"true\" data-img-parallax-mobile-disable=\"true\" data-rtl=\"false\"  data-custom-vc-row=\"\"  data-vc=\"7.3\"  data-is_old_vc=\"\"  data-theme-support=\"\"   data-overlay=\"true\" data-overlay-color=\"rgba(38,45,55,0.5)\" data-overlay-pattern=\"\" data-overlay-pattern-opacity=\"0.8\" data-overlay-pattern-size=\"\" data-overlay-pattern-attachment=\"scroll\"    data-seperator=\"true\"  data-seperator-type=\"tilt_left_seperator\"  data-seperator-shape-size=\"40\"  data-seperator-svg-height=\"100\"  data-seperator-full-width=\"true\" data-seperator-position=\"top_bottom_seperator\"  data-seperator-background-color=\"#fff\"  data-icon=\"\"  ><\/div><div class=\"vc_row wpb_row vc_row-fluid vc_custom_1560793098479\"><div class=\"wpb_column vc_column_container vc_col-sm-12\"><div class=\"vc_column-inner\"><div class=\"wpb_wrapper\"><div id=\"ultimate-heading-480069d5dbed80f95\" class=\"uvc-heading ult-adjust-bottom-margin ultimate-heading-480069d5dbed80f95 uvc-2098  uvc-heading-default-font-sizes\" data-hspacer=\"no_spacer\"  data-halign=\"center\" style=\"text-align:center\"><div class=\"uvc-heading-spacer no_spacer\" style=\"top\"><\/div><div class=\"uvc-main-heading ult-responsive\"  data-ultimate-target='.uvc-heading.ultimate-heading-480069d5dbed80f95 h2'  data-responsive-json-new='{\"font-size\":\"\",\"line-height\":\"\"}' ><h2 style=\"font-weight:bold;margin-bottom:10px;\">We are experts in training for companies and professionals<\/h2><\/div><\/div>\n\t<div class=\"wpb_text_column wpb_content_element  vc_custom_1701686100398\" >\n\t\t<div class=\"wpb_wrapper\">\n\t\t\t<p class=\"text-align-center\">Our trainers are active professional experts, who have developed their careers in international projects for companies as important as\u00a0<strong>Burberry, El Corte Ingl\u00e9s, Abengoa, Holcim or Lacer<\/strong>, among other.<\/p>\n<p class=\"text-align-center\">The teaching method we use is eminently practical, with the aim that its teams can develop the knowledge acquired in the day-to-day work environment. We put technological resources at your disposal so that you can learn practically, quickly and making the most of your abilities.<\/p>\n<p id=\"yui_3_17_2_21_1417520756186_1987\" class=\"text-align-center\">Do you want to create a custom course? Tell us about your idea and we will help you with personalized training.<\/p>\n\n\t\t<\/div>\n\t<\/div>\n<\/div><\/div><\/div><\/div>\n<\/div>","protected":false},"excerpt":{"rendered":"<p>Consultor\u00eda e Implantaci\u00f3n de Proyectos de IT y de SAPAJAF lidera el segmento de los expertos en las T.I.C. M\u00e1s de 3.500 especialistas colaboran con nosotros en diferentes \u00e1reas de las tecnolog\u00edas de la informaci\u00f3n, con muchos a\u00f1os de experiencia en el sector, as\u00ed como en el campo de la formaci\u00f3n SAP y otras tecnolog\u00edas&hellip;<\/p>","protected":false},"author":1,"featured_media":0,"parent":0,"menu_order":10,"comment_status":"closed","ping_status":"closed","template":"","meta":{"footnotes":""},"_links":{"self":[{"href":"https:\/\/ajafconsulting.com\/en_us\/wp-json\/wp\/v2\/pages\/247"}],"collection":[{"href":"https:\/\/ajafconsulting.com\/en_us\/wp-json\/wp\/v2\/pages"}],"about":[{"href":"https:\/\/ajafconsulting.com\/en_us\/wp-json\/wp\/v2\/types\/page"}],"author":[{"embeddable":true,"href":"https:\/\/ajafconsulting.com\/en_us\/wp-json\/wp\/v2\/users\/1"}],"replies":[{"embeddable":true,"href":"https:\/\/ajafconsulting.com\/en_us\/wp-json\/wp\/v2\/comments?post=247"}],"version-history":[{"count":10,"href":"https:\/\/ajafconsulting.com\/en_us\/wp-json\/wp\/v2\/pages\/247\/revisions"}],"predecessor-version":[{"id":2494,"href":"https:\/\/ajafconsulting.com\/en_us\/wp-json\/wp\/v2\/pages\/247\/revisions\/2494"}],"wp:attachment":[{"href":"https:\/\/ajafconsulting.com\/en_us\/wp-json\/wp\/v2\/media?parent=247"}],"curies":[{"name":"wp","href":"https:\/\/api.w.org\/{rel}","templated":true}]}}