{"id":2244,"date":"2020-10-15T12:28:26","date_gmt":"2020-10-15T10:28:26","guid":{"rendered":"http:\/\/ajafweb.azurewebsites.net\/?page_id=2244"},"modified":"2020-10-23T10:27:12","modified_gmt":"2020-10-23T08:27:12","slug":"software-a-medida","status":"publish","type":"page","link":"https:\/\/ajafconsulting.com\/en_us\/servicios\/software-a-medida\/","title":{"rendered":"Custom software development"},"content":{"rendered":"<div class=\"wpb-content-wrapper\"><div class=\"vc_row wpb_row vc_row-fluid\"><div class=\"wpb_column vc_column_container vc_col-sm-12\"><div class=\"vc_column-inner\"><div class=\"wpb_wrapper\"><div id=\"ultimate-heading-843669ded2bc4312d\" class=\"uvc-heading ult-adjust-bottom-margin ultimate-heading-843669ded2bc4312d uvc-3811 accent-subtitle-color\" data-hspacer=\"no_spacer\"  data-halign=\"left\" style=\"text-align:left\"><div class=\"uvc-heading-spacer no_spacer\" style=\"top\"><\/div><div class=\"uvc-main-heading ult-responsive\"  data-ultimate-target='.uvc-heading.ultimate-heading-843669ded2bc4312d h3'  data-responsive-json-new='{\"font-size\":\"desktop:30px;\",\"line-height\":\"desktop:40px;\"}' ><h3 style=\"--font-weight:theme;margin-bottom:5px;\">Custom software<\/h3><\/div><div class=\"uvc-sub-heading ult-responsive\"  data-ultimate-target='.uvc-heading.ultimate-heading-843669ded2bc4312d .uvc-sub-heading '  data-responsive-json-new='{\"font-size\":\"desktop:20px;\",\"line-height\":\"desktop:30px;\"}'  style=\"font-weight:normal;margin-bottom:20px;\">Explain your project to us and we will help you carry it out with the maximum guarantees.<\/div><\/div>\n\t<div class=\"wpb_text_column wpb_content_element\" >\n\t\t<div class=\"wpb_wrapper\">\n\t\t\t<p>We work on the development of custom software projects, since we have experienced professionals in all areas of IT development. We have no limits in terms of functionality or design.<\/p>\n<p>We are your ideal team of developers and architects of development technologies. Prepared to digitize your business and take it to a higher level.<\/p>\n<p>Teams with agile methods and experts in multiple technologies. We are aimed at obtaining the most efficient and safe results for your business.<\/p>\n<p>Our environment is increasingly dynamic and changing. For this reason, at AJAF Consulting we always provide quality answers that improve the software services of our clients.<\/p>\n<p>We offer completely personalized advice, so that you can have all the information necessary to carry out your business projects.<\/p>\n\n\t\t<\/div>\n\t<\/div>\n<\/div><\/div><\/div><\/div><div class=\"vc_row wpb_row vc_row-fluid\"><div class=\"wpb_column vc_column_container vc_col-sm-12\"><div class=\"vc_column-inner\"><div class=\"wpb_wrapper\"><style type=\"text\/css\" data-type=\"the7_shortcodes-inline-css\">.shortcode-single-image-wrap.shortcode-single-image-e88096009ab1e6e558dbc56eb64ce192.enable-bg-rollover .rollover i,\n.shortcode-single-image-wrap.shortcode-single-image-e88096009ab1e6e558dbc56eb64ce192.enable-bg-rollover .rollover-video i {\n  background: -webkit-linear-gradient();\n  background: linear-gradient();\n}\n.shortcode-single-image-wrap.shortcode-single-image-e88096009ab1e6e558dbc56eb64ce192 .rollover-icon {\n  font-size: 32px;\n  color: #ffffff;\n  min-width: 44px;\n  min-height: 44px;\n  line-height: 44px;\n  border-radius: 100px;\n  border-style: solid;\n  border-width: 0px;\n}\n.dt-icon-bg-on.shortcode-single-image-wrap.shortcode-single-image-e88096009ab1e6e558dbc56eb64ce192 .rollover-icon {\n  background: rgba(255,255,255,0.3);\n  box-shadow: none;\n}\n<\/style><div class=\"shortcode-single-image-wrap shortcode-single-image-e88096009ab1e6e558dbc56eb64ce192 alignnone  vc_custom_1602836920945 enable-bg-rollover dt-icon-bg-off\" ><div class=\"shortcode-single-image\"><div class=\"fancy-media-wrap  layzr-bg\" style=\"\"><img fetchpriority=\"high\" decoding=\"async\" class=\"preload-me lazy-load aspect\" src=\"data:image\/svg+xml,%3Csvg%20xmlns%3D&#39;http%3A%2F%2Fwww.w3.org%2F2000%2Fsvg&#39;%20viewBox%3D&#39;0%200%20800%20400&#39;%2F%3E\" data-src=\"\/wp-content\/uploads\/2018\/11\/s012-800x400.jpg\" data-srcset=\"\/wp-content\/uploads\/2018\/11\/s012-800x400.jpg 800w\" loading=\"eager\" sizes=\"(max-width: 800px) 100vw, 800px\" width=\"800\" height=\"400\"  data-dt-location=\"https:\/\/ajafconsulting.com\/en_us\/servicios\/s012\/\" style=\"--ratio: 800 \/ 400;\" alt=\"Software a medida\" \/><\/div><\/div><\/div><\/div><\/div><\/div><\/div><div class=\"vc_row wpb_row vc_row-fluid\"><div class=\"wpb_column vc_column_container vc_col-sm-12\"><div class=\"vc_column-inner\"><div class=\"wpb_wrapper\"><div class=\"vc_row wpb_row vc_inner vc_row-fluid vc_custom_1602837340014\"><div class=\"wpb_column vc_column_container vc_col-sm-12\"><div class=\"vc_column-inner\"><div class=\"wpb_wrapper\"><div id=\"ultimate-heading-981769ded2bc4a863\" class=\"uvc-heading ult-adjust-bottom-margin ultimate-heading-981769ded2bc4a863 uvc-5086 accent-subtitle-color\" data-hspacer=\"no_spacer\"  data-halign=\"left\" style=\"text-align:left\"><div class=\"uvc-heading-spacer no_spacer\" style=\"top\"><\/div><div class=\"uvc-main-heading ult-responsive\"  data-ultimate-target='.uvc-heading.ultimate-heading-981769ded2bc4a863 h3'  data-responsive-json-new='{\"font-size\":\"desktop:30px;\",\"line-height\":\"desktop:40px;\"}' ><h3 style=\"font-weight:bold;\">We will help you at all times<\/h3><\/div><div class=\"uvc-sub-heading ult-responsive\"  data-ultimate-target='.uvc-heading.ultimate-heading-981769ded2bc4a863 .uvc-sub-heading '  data-responsive-json-new='{\"font-size\":\"desktop:20px;\",\"line-height\":\"desktop:30px;\"}'  style=\"font-weight:normal;\">We develop real solutions designed to meet the needs of our clients<\/div><\/div><\/div><\/div><\/div><\/div><div class=\"vc_row wpb_row vc_inner vc_row-fluid\"><div class=\"wpb_column vc_column_container vc_col-sm-6\"><div class=\"vc_column-inner\"><div class=\"wpb_wrapper\"><div class=\"aio-icon-component    style_1\"><div id=\"Info-box-wrap-6237\" class=\"aio-icon-box default-icon\" style=\"\"  ><div class=\"aio-icon-default\"><div class=\"ult-just-icon-wrapper\"><div class=\"align-icon\" style=\"text-align:center;\">\n<div class=\"aio-icon none\"  style=\"color:#009a99;font-size:32px;display:inline-block;\">\n\t<i class=\"far fa-clipboard\"><\/i>\n<\/div><\/div><\/div><\/div><div class=\"aio-icon-header\" ><h3 class=\"aio-icon-title ult-responsive\"  data-ultimate-target='#Info-box-wrap-6237 .aio-icon-title'  data-responsive-json-new='{\"font-size\":\"desktop:24px;\",\"line-height\":\"\"}'  style=\"\">Initial consulting and analysis<\/h3><\/div> <!-- header --><div class=\"aio-icon-description ult-responsive\"  data-ultimate-target='#Info-box-wrap-6237 .aio-icon-description'  data-responsive-json-new='{\"font-size\":\"\",\"line-height\":\"\"}'  style=\"\"><\/p>\n<p style=\"margin: 0cm; vertical-align: baseline;\"><span style=\"font-family: 'Open Sans',sans-serif; color: #333333;\">We will determine what your needs are and we will focus the project on them.<\/span><\/p>\n<p><\/div> <!-- description --><\/div> <!-- aio-icon-box --><\/div> <!-- aio-icon-component --><\/div><\/div><\/div><div class=\"wpb_column vc_column_container vc_col-sm-6\"><div class=\"vc_column-inner\"><div class=\"wpb_wrapper\"><div class=\"aio-icon-component    style_1\"><div id=\"Info-box-wrap-1907\" class=\"aio-icon-box default-icon\" style=\"\"  ><div class=\"aio-icon-default\"><div class=\"ult-just-icon-wrapper\"><div class=\"align-icon\" style=\"text-align:center;\">\n<div class=\"aio-icon none\"  style=\"color:#009a99;font-size:32px;display:inline-block;\">\n\t<i class=\"fas fa-pencil-ruler\"><\/i>\n<\/div><\/div><\/div><\/div><div class=\"aio-icon-header\" ><h3 class=\"aio-icon-title ult-responsive\"  data-ultimate-target='#Info-box-wrap-1907 .aio-icon-title'  data-responsive-json-new='{\"font-size\":\"desktop:24px;\",\"line-height\":\"\"}'  style=\"\">Technical design of the solution<\/h3><\/div> <!-- header --><div class=\"aio-icon-description ult-responsive\"  data-ultimate-target='#Info-box-wrap-1907 .aio-icon-description'  data-responsive-json-new='{\"font-size\":\"\",\"line-height\":\"\"}'  style=\"\">We value the most appropriate technical approach for the project, overcoming pros and cons together with you.<\/p>\n<p><\/div> <!-- description --><\/div> <!-- aio-icon-box --><\/div> <!-- aio-icon-component --><\/div><\/div><\/div><\/div><div class=\"vc_row wpb_row vc_inner vc_row-fluid\"><div class=\"wpb_column vc_column_container vc_col-sm-6\"><div class=\"vc_column-inner\"><div class=\"wpb_wrapper\"><div class=\"aio-icon-component    style_1\"><div id=\"Info-box-wrap-3582\" class=\"aio-icon-box default-icon\" style=\"\"  ><div class=\"aio-icon-default\"><div class=\"ult-just-icon-wrapper\"><div class=\"align-icon\" style=\"text-align:center;\">\n<div class=\"aio-icon none\"  style=\"color:#009a99;font-size:32px;display:inline-block;\">\n\t<i class=\"fas fa-laptop-code\"><\/i>\n<\/div><\/div><\/div><\/div><div class=\"aio-icon-header\" ><h3 class=\"aio-icon-title ult-responsive\"  data-ultimate-target='#Info-box-wrap-3582 .aio-icon-title'  data-responsive-json-new='{\"font-size\":\"desktop:24px;\",\"line-height\":\"\"}'  style=\"\">Software development<\/h3><\/div> <!-- header --><div class=\"aio-icon-description ult-responsive\"  data-ultimate-target='#Info-box-wrap-3582 .aio-icon-description'  data-responsive-json-new='{\"font-size\":\"\",\"line-height\":\"\"}'  style=\"\">During the development phase, we constantly maintain contact with our clients, scheduling different deliverables to be validated.<\/p>\n<p>Each deliverable is deployed in a pre-production environment so that it can be validated.<\/div> <!-- description --><\/div> <!-- aio-icon-box --><\/div> <!-- aio-icon-component --><\/div><\/div><\/div><div class=\"wpb_column vc_column_container vc_col-sm-6\"><div class=\"vc_column-inner\"><div class=\"wpb_wrapper\"><div class=\"aio-icon-component    style_1\"><div id=\"Info-box-wrap-4930\" class=\"aio-icon-box default-icon\" style=\"\"  ><div class=\"aio-icon-default\"><div class=\"ult-just-icon-wrapper\"><div class=\"align-icon\" style=\"text-align:center;\">\n<div class=\"aio-icon none\"  style=\"color:#009a99;font-size:32px;display:inline-block;\">\n\t<i class=\"far fa-object-group\"><\/i>\n<\/div><\/div><\/div><\/div><div class=\"aio-icon-header\" ><h3 class=\"aio-icon-title ult-responsive\"  data-ultimate-target='#Info-box-wrap-4930 .aio-icon-title'  data-responsive-json-new='{\"font-size\":\"desktop:24px;\",\"line-height\":\"\"}'  style=\"\">Deployment of the solution in production<\/h3><\/div> <!-- header --><div class=\"aio-icon-description ult-responsive\"  data-ultimate-target='#Info-box-wrap-4930 .aio-icon-description'  data-responsive-json-new='{\"font-size\":\"\",\"line-height\":\"\"}'  style=\"\"><\/p>\n<p style=\"margin: 0cm; vertical-align: baseline; box-sizing: border-box; outline: 0px; text-size-adjust: 100%; background-position-x: 0px; background-position-y: 0px;\"><span style=\"font-family: 'Open Sans',sans-serif; color: #333333;\">Once the development is completed and validated, the software will be deployed in the production environment.<\/span><\/p>\n<p><\/div> <!-- description --><\/div> <!-- aio-icon-box --><\/div> <!-- aio-icon-component --><\/div><\/div><\/div><\/div><\/div><\/div><\/div><\/div><div class=\"vc_row wpb_row vc_row-fluid\"><div class=\"wpb_column vc_column_container vc_col-sm-12\"><div class=\"vc_column-inner\"><div class=\"wpb_wrapper\">\n\t<div class=\"wpb_text_column wpb_content_element\" >\n\t\t<div class=\"wpb_wrapper\">\n\t\t\t<p>Request information without any commitment about our custom software services.<\/p>\n\n\t\t<\/div>\n\t<\/div>\n<style type=\"text\/css\" data-type=\"the7_shortcodes-inline-css\">#default-btn-88ff131173cc627a727a9ec376e219a9.ico-right-side > i {\n  margin-right: 0px;\n  margin-left: 8px;\n}\n#default-btn-88ff131173cc627a727a9ec376e219a9 > i {\n  margin-right: 8px;\n}\n<\/style><div class=\"btn-align-center\"><a href=\"http:\/\/ajafweb.azurewebsites.net\/contacto\/\" class=\"default-btn-shortcode dt-btn dt-btn-m link-hover-off\" id=\"default-btn-88ff131173cc627a727a9ec376e219a9\" title=\"Contact\"><span>Contact<\/span><\/a><\/div><\/div><\/div><\/div><\/div>\n<\/div>","protected":false},"excerpt":{"rendered":"<p>Software a medidaExpl\u00edquenos su proyecto y le ayudaremos a llevarlo a cabo con las m\u00e1ximas garant\u00edas. Trabajamos en el desarrollo de proyectos de software a medida,\u00a0 ya que contamos con profesionales experimentados en todos los \u00e1mbitos del desarrollo IT. No tenemos l\u00edmites en cuanto a funcionalidades o dise\u00f1o. Somos su equipo ideal de desarrolladores y&hellip;<\/p>","protected":false},"author":1,"featured_media":674,"parent":249,"menu_order":6,"comment_status":"closed","ping_status":"closed","template":"","meta":{"footnotes":""},"_links":{"self":[{"href":"https:\/\/ajafconsulting.com\/en_us\/wp-json\/wp\/v2\/pages\/2244"}],"collection":[{"href":"https:\/\/ajafconsulting.com\/en_us\/wp-json\/wp\/v2\/pages"}],"about":[{"href":"https:\/\/ajafconsulting.com\/en_us\/wp-json\/wp\/v2\/types\/page"}],"author":[{"embeddable":true,"href":"https:\/\/ajafconsulting.com\/en_us\/wp-json\/wp\/v2\/users\/1"}],"replies":[{"embeddable":true,"href":"https:\/\/ajafconsulting.com\/en_us\/wp-json\/wp\/v2\/comments?post=2244"}],"version-history":[{"count":17,"href":"https:\/\/ajafconsulting.com\/en_us\/wp-json\/wp\/v2\/pages\/2244\/revisions"}],"predecessor-version":[{"id":2419,"href":"https:\/\/ajafconsulting.com\/en_us\/wp-json\/wp\/v2\/pages\/2244\/revisions\/2419"}],"up":[{"embeddable":true,"href":"https:\/\/ajafconsulting.com\/en_us\/wp-json\/wp\/v2\/pages\/249"}],"wp:featuredmedia":[{"embeddable":true,"href":"https:\/\/ajafconsulting.com\/en_us\/wp-json\/wp\/v2\/media\/674"}],"wp:attachment":[{"href":"https:\/\/ajafconsulting.com\/en_us\/wp-json\/wp\/v2\/media?parent=2244"}],"curies":[{"name":"wp","href":"https:\/\/api.w.org\/{rel}","templated":true}]}}