{"id":2096,"date":"2020-10-07T13:57:30","date_gmt":"2020-10-07T11:57:30","guid":{"rendered":"http:\/\/ajafweb.azurewebsites.net\/?page_id=2096"},"modified":"2023-10-02T17:39:52","modified_gmt":"2023-10-02T15:39:52","slug":"aviso-legal","status":"publish","type":"page","link":"https:\/\/ajafconsulting.com\/en_us\/aviso-legal\/","title":{"rendered":"Legal notice"},"content":{"rendered":"<p>General information clause to comply with article 10 of Law 34\/2002 on Services of the Information Society and Electronic Commerce.<br>Domain name: WWW.AJAFCONSULTING.COM<br>Owner of the website: AJAF GESTI\u00d3N Y RECURSOS EMPRESARIALES SL<br>Tax identification number: B84648161<br>Complete postal address: Calle L\u00f3pez de Hoyos N\u00ba 42<br>Contact: Tel .: 91 361 25 70 \/ e-mail: info@ajafconsulting.com<\/p>\n\n\n\n<p id=\"yui_3_17_2_36_1417520756186_1665\">Company Registration Data in the Madrid Mercantile Registry, Sheet n# M-407383, Folio 99, Book 0, Section 8, Volume 22,764.<\/p>\n\n\n\n<p><\/p>\n\n\n\n<div class=\"wp-block-image\"><figure class=\"aligncenter size-full\"><img loading=\"lazy\" decoding=\"async\" width=\"512\" height=\"512\" src=\"\/wp-content\/uploads\/2023\/10\/cropped-logo-ajafconsulting3.png\" alt=\"\" class=\"wp-image-2463\" srcset=\"\/wp-content\/uploads\/2023\/10\/cropped-logo-ajafconsulting3.png 512w, \/wp-content\/uploads\/2023\/10\/cropped-logo-ajafconsulting3-300x300.png 300w, \/wp-content\/uploads\/2023\/10\/cropped-logo-ajafconsulting3-150x150.png 150w, \/wp-content\/uploads\/2023\/10\/cropped-logo-ajafconsulting3-12x12.png 12w, \/wp-content\/uploads\/2023\/10\/cropped-logo-ajafconsulting3-270x270.png 270w, \/wp-content\/uploads\/2023\/10\/cropped-logo-ajafconsulting3-192x192.png 192w, \/wp-content\/uploads\/2023\/10\/cropped-logo-ajafconsulting3-180x180.png 180w, \/wp-content\/uploads\/2023\/10\/cropped-logo-ajafconsulting3-32x32.png 32w\" sizes=\"(max-width: 512px) 100vw, 512px\" \/><\/figure><\/div>\n\n\n\n<p><\/p>","protected":false},"excerpt":{"rendered":"<p>Cl\u00e1usula de informaci\u00f3n general para dar cumplimiento al art\u00edculo 10 de la Ley 34\/2002 de Servicios de la Sociedad de la Informaci\u00f3n y el Comercio Electr\u00f3nico.Nombre de dominio: WWW.AJAFCONSULTING.COMTitular de la p\u00e1gina web: AJAF GESTI\u00d3N Y RECURSOS EMPRESARIALES S.L.N\u00famero de identificaci\u00f3n fiscal: B84648161Direcci\u00f3n postal completa: Calle L\u00f3pez de Hoyos N\u00ba 42Contacto: Tel.: 91 361 25&hellip;<\/p>","protected":false},"author":1,"featured_media":0,"parent":0,"menu_order":0,"comment_status":"closed","ping_status":"closed","template":"","meta":{"footnotes":""},"_links":{"self":[{"href":"https:\/\/ajafconsulting.com\/en_us\/wp-json\/wp\/v2\/pages\/2096"}],"collection":[{"href":"https:\/\/ajafconsulting.com\/en_us\/wp-json\/wp\/v2\/pages"}],"about":[{"href":"https:\/\/ajafconsulting.com\/en_us\/wp-json\/wp\/v2\/types\/page"}],"author":[{"embeddable":true,"href":"https:\/\/ajafconsulting.com\/en_us\/wp-json\/wp\/v2\/users\/1"}],"replies":[{"embeddable":true,"href":"https:\/\/ajafconsulting.com\/en_us\/wp-json\/wp\/v2\/comments?post=2096"}],"version-history":[{"count":5,"href":"https:\/\/ajafconsulting.com\/en_us\/wp-json\/wp\/v2\/pages\/2096\/revisions"}],"predecessor-version":[{"id":2465,"href":"https:\/\/ajafconsulting.com\/en_us\/wp-json\/wp\/v2\/pages\/2096\/revisions\/2465"}],"wp:attachment":[{"href":"https:\/\/ajafconsulting.com\/en_us\/wp-json\/wp\/v2\/media?parent=2096"}],"curies":[{"name":"wp","href":"https:\/\/api.w.org\/{rel}","templated":true}]}}