{"id":1288,"date":"2018-11-23T12:42:57","date_gmt":"2018-11-23T12:42:57","guid":{"rendered":"https:\/\/the7.io\/g-business\/?page_id=1288"},"modified":"2023-12-04T12:29:41","modified_gmt":"2023-12-04T11:29:41","slug":"integraciones-erp","status":"publish","type":"page","link":"https:\/\/ajafconsulting.com\/en_us\/servicios\/integraciones-erp\/","title":{"rendered":"Integrations"},"content":{"rendered":"<div class=\"wpb-content-wrapper\"><div class=\"vc_row wpb_row vc_row-fluid\"><div class=\"wpb_column vc_column_container vc_col-sm-12\"><div class=\"vc_column-inner vc_custom_1560778504731\"><div class=\"wpb_wrapper\"><div id=\"ultimate-heading-666869d29f21cfd8d\" class=\"uvc-heading ult-adjust-bottom-margin ultimate-heading-666869d29f21cfd8d uvc-8079 accent-subtitle-color\" data-hspacer=\"no_spacer\"  data-halign=\"left\" style=\"text-align:left\"><div class=\"uvc-heading-spacer no_spacer\" style=\"top\"><\/div><div class=\"uvc-main-heading ult-responsive\"  data-ultimate-target='.uvc-heading.ultimate-heading-666869d29f21cfd8d h3'  data-responsive-json-new='{\"font-size\":\"desktop:30px;\",\"line-height\":\"desktop:40px;\"}' ><h3 style=\"font-weight:bold;margin-bottom:5px;\">Integrations<\/h3><\/div><div class=\"uvc-sub-heading ult-responsive\"  data-ultimate-target='.uvc-heading.ultimate-heading-666869d29f21cfd8d .uvc-sub-heading '  data-responsive-json-new='{\"font-size\":\"desktop:20px;\",\"line-height\":\"desktop:30px;\"}'  style=\"font-weight:normal;margin-bottom:20px;\">Manage your entire business from a single platform<\/div><\/div>\n\t<div class=\"wpb_text_column wpb_content_element  vc_custom_1701689351690\" >\n\t\t<div class=\"wpb_wrapper\">\n\t\t\t<p>If your company needs a <strong>Web development <\/strong>(whether it is your own page or services from a client or supplier) that integrates with your ERP, we have at<strong> multidisciplinary team of professionals<\/strong> ideal. Our specialists will ensure efficient communication between the different systems of your company.<\/p>\n<p>You will be able to save time and make the best decisions with all the necessary information at your fingertips from one place, thanks to our services.<\/p>\n<p>We know that the\u00a0<strong>ERP integration <\/strong>with the rest of the subsystems, today a trend for companies of any area and size. The large amount of information they need to control represents their fundamental asset to<strong>\u00a0proper management and the design of a strategy and decision-making aimed at success.<\/strong><\/p>\n<p>The management of all this information can be managed through an ERP, which will allow you to integrate all departments of your company with the management of customers, orders, inventory and any other process that, traditionally, <strong>would require manual and continuous supervision<\/strong>\u00a0by the staff.<\/p>\n\n\t\t<\/div>\n\t<\/div>\n<style type=\"text\/css\" data-type=\"the7_shortcodes-inline-css\">.shortcode-single-image-wrap.shortcode-single-image-5f1aa5707829e67654c98bc70ed7eb0a.enable-bg-rollover .rollover i,\n.shortcode-single-image-wrap.shortcode-single-image-5f1aa5707829e67654c98bc70ed7eb0a.enable-bg-rollover .rollover-video i {\n  background: -webkit-linear-gradient();\n  background: linear-gradient();\n}\n.shortcode-single-image-wrap.shortcode-single-image-5f1aa5707829e67654c98bc70ed7eb0a .rollover-icon {\n  font-size: 32px;\n  color: #ffffff;\n  min-width: 44px;\n  min-height: 44px;\n  line-height: 44px;\n  border-radius: 100px;\n  border-style: solid;\n  border-width: 0px;\n}\n.dt-icon-bg-on.shortcode-single-image-wrap.shortcode-single-image-5f1aa5707829e67654c98bc70ed7eb0a .rollover-icon {\n  background: rgba(255,255,255,0.3);\n  box-shadow: none;\n}\n<\/style><div class=\"shortcode-single-image-wrap shortcode-single-image-5f1aa5707829e67654c98bc70ed7eb0a alignnone  vc_custom_1602838816631 enable-bg-rollover dt-icon-bg-off\" ><div class=\"shortcode-single-image\"><div class=\"fancy-media-wrap  layzr-bg\" style=\"\"><img fetchpriority=\"high\" decoding=\"async\" class=\"preload-me lazy-load aspect\" src=\"data:image\/svg+xml,%3Csvg%20xmlns%3D&#39;http%3A%2F%2Fwww.w3.org%2F2000%2Fsvg&#39;%20viewBox%3D&#39;0%200%20800%20533&#39;%2F%3E\" data-src=\"\/wp-content\/uploads\/2020\/10\/shutterstock_1086486185-scaled-800x533.jpg\" data-srcset=\"\/wp-content\/uploads\/2020\/10\/shutterstock_1086486185-scaled-800x533.jpg 800w, \/wp-content\/uploads\/2020\/10\/shutterstock_1086486185-scaled-1600x1066.jpg 1600w\" loading=\"eager\" sizes=\"(max-width: 800px) 100vw, 800px\" width=\"800\" height=\"533\"  data-dt-location=\"https:\/\/ajafconsulting.com\/en_us\/shutterstock_1086486185\/\" style=\"--ratio: 800 \/ 533;\" alt=\"Integraciones tecnol\u00f3gicas\" \/><\/div><\/div><\/div><div id=\"ultimate-heading-524369d29f21d4805\" class=\"uvc-heading ult-adjust-bottom-margin ultimate-heading-524369d29f21d4805 uvc-3237 accent-subtitle-color\" data-hspacer=\"no_spacer\"  data-halign=\"left\" style=\"text-align:left\"><div class=\"uvc-heading-spacer no_spacer\" style=\"top\"><\/div><div class=\"uvc-main-heading ult-responsive\"  data-ultimate-target='.uvc-heading.ultimate-heading-524369d29f21d4805 h3'  data-responsive-json-new='{\"font-size\":\"desktop:30px;\",\"line-height\":\"desktop:40px;\"}' ><h3 style=\"font-weight:bold;margin-bottom:5px;\">Advantages of ERP integration with Business Intelligent<\/h3><\/div><\/div>\n\t<div class=\"wpb_text_column wpb_content_element  vc_custom_1603382208911\" >\n\t\t<div class=\"wpb_wrapper\">\n\t\t\t<p>We know that the integration of your ERP and Business Intelligent tools today is a trend for companies of any scope and size.<\/p>\n<p>The management of all this information can be managed through an ERP, which allows the integration of customer management, orders, inventory and any other process that, traditionally, would require manual and continuous supervision by staff for all departments of a company. .<\/p>\n<p>Meanwhile, Business Intelligence tools are responsible for carrying out continuous analysis, feeding on the data that the ERP tool constantly handles, and converting it into information in the format that the organization can interpret and manage for its benefit.<\/p>\n<p>From this we deduce that the integration of ERP-type business management tools are not only not at odds with BI tools, but that their complementary implementation substantially improves the decision-making process by being able to display the information generated in conditions of being able to improve knowledge. of the users.<\/p>\n\n\t\t<\/div>\n\t<\/div>\n<\/div><\/div><\/div><\/div><div class=\"vc_row wpb_row vc_row-fluid\"><div class=\"wpb_column vc_column_container vc_col-sm-12\"><div class=\"vc_column-inner\"><div class=\"wpb_wrapper\"><div id=\"ultimate-heading-380869d29f21d6e99\" class=\"uvc-heading ult-adjust-bottom-margin ultimate-heading-380869d29f21d6e99 uvc-9111 accent-subtitle-color\" data-hspacer=\"no_spacer\"  data-halign=\"left\" style=\"text-align:left\"><div class=\"uvc-heading-spacer no_spacer\" style=\"top\"><\/div><div class=\"uvc-main-heading ult-responsive\"  data-ultimate-target='.uvc-heading.ultimate-heading-380869d29f21d6e99 h3'  data-responsive-json-new='{\"font-size\":\"desktop:30px;\",\"line-height\":\"desktop:40px;\"}' ><h3 style=\"font-weight:bold;margin-bottom:20px;\">Main integrations<\/h3><\/div><\/div><div class=\"vc_row wpb_row vc_inner vc_row-fluid vc_row-o-equal-height vc_row-flex\"><div class=\"wpb_column vc_column_container vc_col-sm-6\"><div class=\"vc_column-inner\"><div class=\"wpb_wrapper\"><div class=\"standard-arrow bullet-top\"><ul>\n<li>customers<\/li>\n<li>Orders and invoices.<\/li>\n<li>products<\/li>\n<\/ul>\n<\/div><\/div><\/div><\/div><div class=\"wpb_column vc_column_container vc_col-sm-6\"><div class=\"vc_column-inner\"><div class=\"wpb_wrapper\"><div class=\"standard-arrow bullet-top\"><ul>\n<li>Prices and promotions.<\/li>\n<li>Inventory or stock.<\/li>\n<li>Business Intelligence.<\/li>\n<\/ul>\n<\/div><\/div><\/div><\/div><\/div><\/div><\/div><\/div><\/div><div class=\"vc_row wpb_row vc_row-fluid\"><div class=\"wpb_column vc_column_container vc_col-sm-12\"><div class=\"vc_column-inner vc_custom_1603382177567\"><div class=\"wpb_wrapper\">\n\t<div class=\"wpb_text_column wpb_content_element\" >\n\t\t<div class=\"wpb_wrapper\">\n\t\t\t<p>Find out now without any obligation about the different integrations with your ERP that our specialists can carry out.<\/p>\n\n\t\t<\/div>\n\t<\/div>\n<\/div><\/div><\/div><\/div><div class=\"vc_row wpb_row vc_row-fluid\"><div class=\"wpb_column vc_column_container vc_col-sm-12\"><div class=\"vc_column-inner\"><div class=\"wpb_wrapper\"><style type=\"text\/css\" data-type=\"the7_shortcodes-inline-css\">#default-btn-88ff131173cc627a727a9ec376e219a9.ico-right-side > i {\n  margin-right: 0px;\n  margin-left: 8px;\n}\n#default-btn-88ff131173cc627a727a9ec376e219a9 > i {\n  margin-right: 8px;\n}\n<\/style><div class=\"btn-align-center\"><a href=\"http:\/\/ajafweb.azurewebsites.net\/contacto\/\" class=\"default-btn-shortcode dt-btn dt-btn-m link-hover-off\" id=\"default-btn-88ff131173cc627a727a9ec376e219a9\" title=\"Contact\"><span>Contact<\/span><\/a><\/div><\/div><\/div><\/div><\/div>\n<\/div>","protected":false},"excerpt":{"rendered":"<p>IntegracionesGestione su negocio completo desde una sola plataforma Si su empresa necesita un desarrollo web (ya sea su propia p\u00e1gina o servicios de un cliente o proveedor)\u00a0que realice integraciones con su ERP, tenemos al equipo de profesionales multidisciplinar ideal. Nuestros especialistas le asegurar\u00e1n una comunicaci\u00f3n eficiente entre los diferentes sistemas de su empresa. Podr\u00e1 ahorrar&hellip;<\/p>","protected":false},"author":1,"featured_media":0,"parent":249,"menu_order":3,"comment_status":"closed","ping_status":"closed","template":"","meta":{"footnotes":""},"_links":{"self":[{"href":"https:\/\/ajafconsulting.com\/en_us\/wp-json\/wp\/v2\/pages\/1288"}],"collection":[{"href":"https:\/\/ajafconsulting.com\/en_us\/wp-json\/wp\/v2\/pages"}],"about":[{"href":"https:\/\/ajafconsulting.com\/en_us\/wp-json\/wp\/v2\/types\/page"}],"author":[{"embeddable":true,"href":"https:\/\/ajafconsulting.com\/en_us\/wp-json\/wp\/v2\/users\/1"}],"replies":[{"embeddable":true,"href":"https:\/\/ajafconsulting.com\/en_us\/wp-json\/wp\/v2\/comments?post=1288"}],"version-history":[{"count":11,"href":"https:\/\/ajafconsulting.com\/en_us\/wp-json\/wp\/v2\/pages\/1288\/revisions"}],"predecessor-version":[{"id":2502,"href":"https:\/\/ajafconsulting.com\/en_us\/wp-json\/wp\/v2\/pages\/1288\/revisions\/2502"}],"up":[{"embeddable":true,"href":"https:\/\/ajafconsulting.com\/en_us\/wp-json\/wp\/v2\/pages\/249"}],"wp:attachment":[{"href":"https:\/\/ajafconsulting.com\/en_us\/wp-json\/wp\/v2\/media?parent=1288"}],"curies":[{"name":"wp","href":"https:\/\/api.w.org\/{rel}","templated":true}]}}