{"id":1146,"date":"2018-11-16T15:28:41","date_gmt":"2018-11-16T15:28:41","guid":{"rendered":"https:\/\/the7.io\/g-business\/?page_id=1146"},"modified":"2023-12-04T12:54:51","modified_gmt":"2023-12-04T11:54:51","slug":"formacion","status":"publish","type":"page","link":"https:\/\/ajafconsulting.com\/en_us\/servicios\/formacion\/","title":{"rendered":"Training"},"content":{"rendered":"<div class=\"wpb-content-wrapper\"><div class=\"vc_row wpb_row vc_row-fluid\"><div class=\"wpb_column vc_column_container vc_col-sm-12\"><div class=\"vc_column-inner vc_custom_1603095660070\"><div class=\"wpb_wrapper\"><div id=\"ultimate-heading-867369d481312d500\" class=\"uvc-heading ult-adjust-bottom-margin ultimate-heading-867369d481312d500 uvc-8026 accent-subtitle-color\" data-hspacer=\"no_spacer\"  data-halign=\"left\" style=\"text-align:left\"><div class=\"uvc-heading-spacer no_spacer\" style=\"top\"><\/div><div class=\"uvc-main-heading ult-responsive\"  data-ultimate-target='.uvc-heading.ultimate-heading-867369d481312d500 h3'  data-responsive-json-new='{\"font-size\":\"desktop:30px;\",\"line-height\":\"desktop:40px;\"}' ><h3 style=\"font-weight:bold;margin-bottom:5px;\">Training<\/h3><\/div><div class=\"uvc-sub-heading ult-responsive\"  data-ultimate-target='.uvc-heading.ultimate-heading-867369d481312d500 .uvc-sub-heading '  data-responsive-json-new='{\"font-size\":\"desktop:20px;\",\"line-height\":\"desktop:30px;\"}'  style=\"font-weight:normal;margin-bottom:20px;\">Our professional trainers will analyze your needs<\/div><\/div>\n\t<div class=\"wpb_text_column wpb_content_element\" >\n\t\t<div class=\"wpb_wrapper\">\n\t\t\t<p>At AJAF Consulting we offer a flexible service, which analyzes the training needs of the company, designs the customized program, with an appropriate methodology and content to ensure maximum use of the training.<\/p>\n\n\t\t<\/div>\n\t<\/div>\n<\/div><\/div><\/div><\/div><div class=\"vc_row wpb_row vc_row-fluid\"><div class=\"wpb_column vc_column_container vc_col-sm-12\"><div class=\"vc_column-inner vc_custom_1560778479070\"><div class=\"wpb_wrapper\"><style type=\"text\/css\" data-type=\"the7_shortcodes-inline-css\">.shortcode-single-image-wrap.shortcode-single-image-232e7207e721d48ff77579c27dd729e2.enable-bg-rollover .rollover i,\n.shortcode-single-image-wrap.shortcode-single-image-232e7207e721d48ff77579c27dd729e2.enable-bg-rollover .rollover-video i {\n  background: -webkit-linear-gradient();\n  background: linear-gradient();\n}\n.shortcode-single-image-wrap.shortcode-single-image-232e7207e721d48ff77579c27dd729e2 .rollover-icon {\n  font-size: 32px;\n  color: #ffffff;\n  min-width: 44px;\n  min-height: 44px;\n  line-height: 44px;\n  border-radius: 100px;\n  border-style: solid;\n  border-width: 0px;\n}\n.dt-icon-bg-on.shortcode-single-image-wrap.shortcode-single-image-232e7207e721d48ff77579c27dd729e2 .rollover-icon {\n  background: rgba(255,255,255,0.3);\n  box-shadow: none;\n}\n<\/style><div class=\"shortcode-single-image-wrap shortcode-single-image-232e7207e721d48ff77579c27dd729e2 alignnone  enable-bg-rollover dt-icon-bg-off\" style=\"margin-top:0px; margin-bottom:0px; margin-left:0px; margin-right:0px; width:1600px;\"><div class=\"shortcode-single-image\"><div class=\"fancy-media-wrap  layzr-bg\" style=\"\"><img fetchpriority=\"high\" decoding=\"async\" class=\"preload-me lazy-load aspect\" src=\"data:image\/svg+xml,%3Csvg%20xmlns%3D&#39;http%3A%2F%2Fwww.w3.org%2F2000%2Fsvg&#39;%20viewBox%3D&#39;0%200%201600%20800&#39;%2F%3E\" data-src=\"\/wp-content\/uploads\/2020\/10\/shutterstock_1500505865-scaled-1600x800.jpg\" data-srcset=\"\/wp-content\/uploads\/2020\/10\/shutterstock_1500505865-scaled-1600x800.jpg 1600w, \/wp-content\/uploads\/2020\/10\/shutterstock_1500505865-scaled-2560x1280.jpg 2560w\" loading=\"eager\" sizes=\"(max-width: 1600px) 100vw, 1600px\" width=\"1600\" height=\"800\"  data-dt-location=\"https:\/\/ajafconsulting.com\/en_us\/shutterstock_1500505865\/\" style=\"--ratio: 1600 \/ 800;\" alt=\"Formaci\u00f3n\" \/><\/div><\/div><\/div><\/div><\/div><\/div><\/div><div class=\"vc_row wpb_row vc_row-fluid\"><div class=\"wpb_column vc_column_container vc_col-sm-12\"><div class=\"vc_column-inner vc_custom_1560777659697\"><div class=\"wpb_wrapper\"><div id=\"ultimate-heading-202169d48131327f9\" class=\"uvc-heading ult-adjust-bottom-margin ultimate-heading-202169d48131327f9 uvc-5450 accent-subtitle-color\" data-hspacer=\"no_spacer\"  data-halign=\"left\" style=\"text-align:left\"><div class=\"uvc-heading-spacer no_spacer\" style=\"top\"><\/div><div class=\"uvc-main-heading ult-responsive\"  data-ultimate-target='.uvc-heading.ultimate-heading-202169d48131327f9 h3'  data-responsive-json-new='{\"font-size\":\"desktop:30px;\",\"line-height\":\"desktop:40px;\"}' ><h3 style=\"font-weight:bold;margin-bottom:5px;\">Trainers up to date<\/h3><\/div><\/div>\n\t<div class=\"wpb_text_column wpb_content_element\" >\n\t\t<div class=\"wpb_wrapper\">\n\t\t\t<p class=\"text-align-center\">Our trainers are working professional experts. They have developed their careers in international projects for companies as important as <strong>Burberry, El Corte Ingl\u00e9s, Abengoa, Holcim or Lacer<\/strong>, among other.<\/p>\n<p>In addition, our junior consultants receive continuous training from these experts so our teachers are always up to date.<\/p>\n<p>We provide you with a totally practical teaching method, as we seek to enable your teams to develop the knowledge acquired in the day-to-day work environment.<\/p>\n<p>We also put technological resources at your disposal so that you can learn practically, quickly and making the most of your capabilities, whether in person or remotely.<\/p>\n<p id=\"yui_3_17_2_21_1417520756186_1987\" class=\"text-align-center\">Do you want to create a custom course? Tell us your idea and our professional expert trainers will help you in a completely personalized way.<\/p>\n\n\t\t<\/div>\n\t<\/div>\n<style type=\"text\/css\" data-type=\"the7_shortcodes-inline-css\">#default-btn-695541de7a20e5b7c1a6757a97f12adf.ico-right-side > i {\n  margin-right: 0px;\n  margin-left: 8px;\n}\n#default-btn-695541de7a20e5b7c1a6757a97f12adf > i {\n  margin-right: 8px;\n}\n<\/style><div class=\"btn-align-center\"><a href=\"http:\/\/ajafweb.azurewebsites.net\/contacto\/\" class=\"default-btn-shortcode dt-btn dt-btn-l link-hover-off\" id=\"default-btn-695541de7a20e5b7c1a6757a97f12adf\" title=\"Contact\"><span>Contact<\/span><\/a><\/div><\/div><\/div><\/div><\/div>\n<\/div>","protected":false},"excerpt":{"rendered":"<p>Formaci\u00f3nNuestros formadores profesionales analizar\u00e1n sus necesidades En AJAF Consulting ofrecemos un servicio flexible, que analiza las necesidades formativas de la empresa, dise\u00f1a el programa a medida, con una metodolog\u00eda y contenidos adecuados para asegurar el m\u00e1ximo aprovechamiento de la formaci\u00f3n. Formadores al d\u00eda Nuestros formadores son expertos profesionales en activo. Han desarrollado su carrera en&hellip;<\/p>","protected":false},"author":1,"featured_media":0,"parent":249,"menu_order":5,"comment_status":"closed","ping_status":"closed","template":"","meta":{"footnotes":""},"_links":{"self":[{"href":"https:\/\/ajafconsulting.com\/en_us\/wp-json\/wp\/v2\/pages\/1146"}],"collection":[{"href":"https:\/\/ajafconsulting.com\/en_us\/wp-json\/wp\/v2\/pages"}],"about":[{"href":"https:\/\/ajafconsulting.com\/en_us\/wp-json\/wp\/v2\/types\/page"}],"author":[{"embeddable":true,"href":"https:\/\/ajafconsulting.com\/en_us\/wp-json\/wp\/v2\/users\/1"}],"replies":[{"embeddable":true,"href":"https:\/\/ajafconsulting.com\/en_us\/wp-json\/wp\/v2\/comments?post=1146"}],"version-history":[{"count":9,"href":"https:\/\/ajafconsulting.com\/en_us\/wp-json\/wp\/v2\/pages\/1146\/revisions"}],"predecessor-version":[{"id":2506,"href":"https:\/\/ajafconsulting.com\/en_us\/wp-json\/wp\/v2\/pages\/1146\/revisions\/2506"}],"up":[{"embeddable":true,"href":"https:\/\/ajafconsulting.com\/en_us\/wp-json\/wp\/v2\/pages\/249"}],"wp:attachment":[{"href":"https:\/\/ajafconsulting.com\/en_us\/wp-json\/wp\/v2\/media?parent=1146"}],"curies":[{"name":"wp","href":"https:\/\/api.w.org\/{rel}","templated":true}]}}